{"id":1777,"date":"2022-01-28T16:09:35","date_gmt":"2022-01-28T15:09:35","guid":{"rendered":"http:\/\/devastrofein.mattheis-berlin.de\/privacy-policy\/"},"modified":"2022-04-14T12:42:05","modified_gmt":"2022-04-14T10:42:05","slug":"privacy-policy","status":"publish","type":"page","link":"https:\/\/www.astrofein.com\/en\/privacy-policy\/","title":{"rendered":"Privacy policy"},"content":{"rendered":"<div class=\"wpb-content-wrapper\"><p>[vc_row full_width=&#8221;stretch_row_content_no_spaces&#8221; el_class=&#8221;breadcrumb-row&#8221;][vc_column][vc_column_text]<span><span><a href=\"https:\/\/www.astrofein.com\/en\/\">Startseite<\/a><\/span><\/span>[\/vc_column_text][\/vc_column][\/vc_row][vc_row][vc_column][vc_column_text]<\/p>\n<h1 style=\"text-align: center;\">Datenschutz<\/h1>\n<p>[\/vc_column_text][vc_separator color=&#8221;custom&#8221; border_width=&#8221;3&#8243; el_width=&#8221;60&#8243; accent_color=&#8221;#1b5798&#8243;][\/vc_column][\/vc_row][vc_row][vc_column][vc_column_text]<\/p>\n&#13;\n<p>Ihr Vertrauen ist uns wichtig. Deshalb respektieren wir den Datenschutz und informieren Sie \u00fcber die erhobenen und gespeicherten Daten und Ihre Rechte auf Auskunft, Berichtigung, Sperrung und L\u00f6schung.<\/p>&#13;\n<p><strong>\u00a7 1 Information \u00fcber die Erhebung personenbezogener Daten<\/strong><\/p>&#13;\n<p>(1) Im Folgenden informieren wir \u00fcber die Erhebung personenbezogener Daten bei Nutzung unserer Website www.astrofein.com. Personenbezogene Daten sind alle Daten, die auf Sie pers\u00f6nlich beziehbar sind, z.\u2009B. Name, Adresse, E-Mail-Adressen, Nutzerverhalten.<br\/>(2) Verantwortlicher im Sinne der EU-Datenschutz-Grundverordnung (DSGVO) ist die Astro- und Feinwerktechnik Adlershof GmbH, vertreten durch den Gesch\u00e4ftsf\u00fchrer Dr. Sebastian Scheiding, Albert-Einstein-Stra\u00dfe 12, 12489 Berlin, info@astrofein.com (siehe <a href=\"https:\/\/www.astrofein.com\/astro-und-feinwerktechnik-adlershof\/4\/impressum\/\">Impressum<\/a>).<br\/>(3) Bei Ihrer Kontaktaufnahme mit uns per Telefon, E-Mail oder \u00fcber ein Kontaktformular werden die von Ihnen mitgeteilten Daten (Ihre E-Mail-Adresse, ggf. Ihr Name und Ihre Telefonnummer) von uns gespeichert, um Ihre Fragen zu beantworten. Die in diesem Zusammenhang anfallenden Daten l\u00f6schen wir, nachdem die Speicherung nicht mehr erforderlich ist, oder schr\u00e4nken die Verarbeitung ein, falls gesetzliche Aufbewahrungspflichten bestehen.<br\/>(4) Falls wir f\u00fcr einzelne Funktionen unseres Angebots auf beauftragte Dienstleister zur\u00fcckgreifen oder Ihre Daten f\u00fcr werbliche Zwecke nutzen m\u00f6chten, werden wir Sie untenstehend im Detail \u00fcber die jeweiligen Vorg\u00e4nge informieren. Dabei nennen wir auch die festgelegten Kriterien der Speicherdauer.<\/p>&#13;\n<p><strong>\u00a7 2 Ihre Rechte<\/strong><\/p>&#13;\n<p>(1) Sie haben gegen\u00fcber uns folgende Rechte hinsichtlich der Sie betreffenden personenbezogenen Daten:<br\/>&#8211; Recht auf Auskunft,<br\/>&#8211; Recht auf Berichtigung oder L\u00f6schung,<br\/>&#8211; Recht auf Einschr\u00e4nkung der Verarbeitung,<br\/>&#8211; Recht auf Widerspruch gegen die Verarbeitung,<br\/>&#8211; Recht auf Daten\u00fcbertragbarkeit.<br\/>(2) Sie haben zudem das Recht, sich bei einer Datenschutz-Aufsichtsbeh\u00f6rde \u00fcber die Verarbeitung Ihrer personenbezogenen Daten durch uns zu beschweren.<\/p>&#13;\n<p><strong>\u00a7 3 Erhebung personenbezogener Daten bei Besuch unserer Website<\/strong><\/p>&#13;\n<p>(1) Bei der blo\u00df informatorischen Nutzung der Website, also wenn Sie sich nicht registrieren oder uns anderweitig Informationen \u00fcbermitteln, erheben wir nur die personenbezogenen Daten, die Ihr Browser an unseren Server \u00fcbermittelt. Wenn Sie unsere Website betrachten m\u00f6chten, erheben wir die folgenden Daten, die f\u00fcr uns technisch erforderlich sind, um Ihnen unsere Website anzuzeigen und die Stabilit\u00e4t und Sicherheit zu gew\u00e4hrleisten (Rechtsgrundlage hierf\u00fcr: Art. 6 Abs. 1 S. 1 lit. f DSGVO):<br\/>&#8211; IP-Adresse<br\/>&#8211; Datum und Uhrzeit der Anfrage<br\/>&#8211; Zeitzonendifferenz zur Greenwich Mean Time (GMT)<br\/>&#8211; Inhalt der Anforderung (konkrete Seite)<br\/>&#8211; Zugriffsstatus\/HTTP-Statuscode<br\/>&#8211; jeweils \u00fcbertragene Datenmenge<br\/>&#8211; Website, von der die Anforderung kommt<br\/>&#8211; Browser<br\/>&#8211; Betriebssystem und dessen Oberfl\u00e4che<br\/>&#8211; Sprache und Version der Browsersoftware.<br\/>(2) Zus\u00e4tzlich zu den zuvor genannten Daten werden bei Ihrer Nutzung unserer Website Cookies auf Ihrem Rechner gespeichert. Bei Cookies handelt es sich um kleine Textdateien, die auf Ihrer Festplatte dem von Ihnen verwendeten Browser zugeordnet gespeichert werden und durch welche der Stelle, die den Cookie setzt (hier durch die Astro- und Feinwerktechnik GmbH oder Drittanbieter), bestimmte Informationen zuflie\u00dfen. Cookies k\u00f6nnen keine Programme ausf\u00fchren oder Schadsoftware auf Ihren Computer \u00fcbertragen. Sie dienen dazu, das Internetangebot insgesamt nutzerfreundlicher und effektiver zu machen.<br\/>Sie k\u00f6nnen Ihre Browser-Einstellung entsprechend Ihren W\u00fcnschen konfigurieren und z.\u2009B. die Annahme von Third-Party-Cookies oder allen Cookies ablehnen. Wir weisen Sie darauf hin, dass Sie eventuell nicht alle Funktionen dieser Website nutzen k\u00f6nnen.<br\/>Rechtsgrundlage f\u00fcr die Verwendung der Cookies ist Art. 6 Absatz 1 Satz 1 Buchstabe f DSGVO. Wir haben bei der Abw\u00e4gung der Interessen unsere IT-Sicherheit und Ihr Interesse an der Nutzbarkeit und der eingeschr\u00e4nkten Verwendung personenbezogener Daten ber\u00fccksichtigt.<\/p>&#13;\n<p><strong>\u00a7 4 Einsatz und Verwendung von Matomo<\/strong><\/p>&#13;\n<p>Diese Website benutzt den Open Source Webanalysedienst Matomo. Matomo verwendet so genannte \u201eCookies\u201c. Das sind Textdateien, die auf Ihrem Computer gespeichert werden und die eine Analyse der Benutzung der Website durch Sie erm\u00f6glichen. Dazu werden die durch den Cookie erzeugten Informationen \u00fcber die Benutzung dieser Website auf unserem Server gespeichert. Die IP-Adresse wird vor der Speicherung anonymisiert. Matomo-Cookies verbleiben auf Ihrem Endger\u00e4t, bis Sie sie l\u00f6schen.<\/p>&#13;\n<p>Die Speicherung von Matomo-Cookies erfolgt auf Grundlage von Art. 6 Abs. 1 lit. f DSGVO. Der Websitebetreiber hat ein berechtigtes Interesse an der anonymisierten Analyse des Nutzerverhaltens, um sowohl sein Webangebot als auch seine Werbung zu optimieren. Die durch den Cookie erzeugten Informationen \u00fcber die Benutzung dieser Website werden nicht an Dritte weitergegeben. Sie k\u00f6nnen die Speicherung der Cookies durch eine entsprechende Einstellung Ihrer Browser-Software verhindern; wir weisen Sie jedoch darauf hin, dass Sie in diesem Fall gegebenenfalls nicht s\u00e4mtliche Funktionen dieser Website vollumf\u00e4nglich werden nutzen k\u00f6nnen. Wenn Sie mit der Speicherung und Nutzung Ihrer Daten nicht einverstanden sind, k\u00f6nnen Sie die Speicherung und Nutzung hier deaktivieren. In diesem Fall wird in Ihrem Browser ein Opt-Out-Cookie hinterlegt, der verhindert, dass Matomo Nutzungsdaten speichert. Wenn Sie Ihre Cookies l\u00f6schen, hat dies zur Folge, dass auch das Matomo Opt-Out-Cookie gel\u00f6scht wird. Das Opt-Out muss bei einem erneuten Besuch unserer Seite wieder aktiviert werden.<br\/>Sie haben die M\u00f6glichkeit zu verhindern, dass von Ihnen hier get\u00e4tigte Aktionen analysiert und verkn\u00fcpft werden. Dies wird Ihre Privatsph\u00e4re sch\u00fctzen, aber wird auch den Besitzer daran hindern, aus Ihren Aktionen zu lernen und die Bedienbarkeit f\u00fcr Sie und andere Benutzer zu verbessern.<\/p>&#13;\n<p id=\"matomo_opted_out_intro\" style=\"display:none;\">Opt-out complete; your visits to this website will not be recorded by the Web Analytics tool. Note that if you clear your cookies, delete the opt-out cookie, or if you change computers or Web browsers, you will need to perform the opt-out procedure again.<\/p><p id=\"matomo_opted_in_intro\" >You may choose to prevent this website from aggregating and analyzing the actions you take here. Doing so will protect your privacy, but will also prevent the owner from learning from your actions and creating a better experience for you and other users.<\/p><form>\n        <input type=\"checkbox\" id=\"matomo_optout_checkbox\" checked=\"checked\"\/>\n        <label for=\"matomo_optout_checkbox\"><strong>\n        <span id=\"matomo_opted_in_label\" >You are not opted out. Uncheck this box to opt-out.<\/span>\n\t\t<span id=\"matomo_opted_out_label\" style=\"display:none;\">You are currently opted out. Check this box to opt-in.<\/span>\n        <\/strong><\/label><\/form><noscript><p><strong style=\"color: #ff0000;\">This opt out feature requires JavaScript.<\/strong><\/p><\/noscript><p id=\"matomo_outout_err_cookies\" style=\"display: none;\"><strong>The tracking opt-out feature requires cookies to be enabled.<\/strong><\/p>&#13;\n<p>\u00a0<\/p>&#13;\n<p><strong>\u00a7 5 Einsatz von YouTube<\/strong><\/p>&#13;\n<p>Diese Webseite setzt Videos des Anbieters YouTube ein. Die Videos wurden im erweiterten Datenschutzmodus eingebettet. Wie fast alle Webseiten verwendet aber auch YouTube Cookies, um Informationen \u00fcber die Besucher ihrer Internetseite zu sammeln. YouTube verwendet diese unter anderem zur Erfassung von Nutzungsstatistiken, zur Vermeidung von Betrug und zur Verbesserung der Nutzbarkeit der Webseite. Dies f\u00fchrt auch zu einer Verbindung mit dem Google DoubleClick Netzwerk. Darauf hat der Betreiber dieser Webseite keinen Einfluss. Weitere Informationen \u00fcber den Datenschutz bei YouTube finden Sie in der Datenschutzerkl\u00e4rung von YouTube unter: <a href=\"http:\/\/www.youtube.com\/t\/privacy_at_youtube\">http:\/\/www.youtube.com\/t\/privacy_at_youtube<\/a>. Wenn Sie ein eingebettetes Video starten, k\u00f6nnte dies weitere Datenverarbeitungsvorg\u00e4nge ausl\u00f6sen. Beispielsweise kann Ihre IP-Adresse an YouTube \u00fcbertragen werden, um eine Nutzung oder Darstellung dieser Inhalte zu erm\u00f6glichen.<br\/>Rechtsgrundlage f\u00fcr die Verarbeitung ist Art. 6 Absatz 1 Satz 1 Buchstabe f DSGVO. Grundlage unseres berechtigten Interesses sind Analyse, Optimierung und wirtschaftlicher Betrieb unserer Webseite.<\/p>&#13;\n<p><strong>\u00a7 6 Erhebung personenbezogener Daten bei Abschluss von Vertr\u00e4gen<\/strong><\/p>&#13;\n<p>(1) Bei der der Nutzung der Website f\u00fcr den Abschluss von Vertr\u00e4gen, erheben wir die personenbezogenen Daten, die f\u00fcr die Erf\u00fcllung des Vertrages und Durchsetzung von Zahlungsanspr\u00fcchen durch uns notwendig sind. (Rechtsgrundlage hierf\u00fcr: Art. 6 Abs. 1 S. 1 lit. b DSGVO). Dies sind:<br\/>&#8211; Anrede<br\/>&#8211; Name, Vorname<br\/>&#8211; Wohnadresse (Stra\u00dfe, Hausnummer, Postleitzahl)<br\/>&#8211; ggf. abweichende Rechnungsanschrift<br\/>&#8211; E-Mail-Adresse<br\/>&#8211; Telefonnummer<br\/>&#8211; Kundenstatus (Neukunde, Bestandskunde)<br\/>(2) Daneben erheben wir die in \u00a7 3 der Datenschutzerkl\u00e4rung genannten Informationen.<\/p>&#13;\n<p><strong>\u00a7 7 Widerspruch gegen Werbe-Mails<\/strong><\/p>&#13;\n<p>Die von der Astro- und Feinwerktechnik Adlershof GmbH im Rahmen der Impressumspflicht ver\u00f6ffentlichten Kontaktdaten sind nicht als Einverst\u00e4ndnis in die \u00dcbersendung von nicht ausdr\u00fccklich angeforderter Werbung und Informationsmaterialien zu sehen. Vorsorglich wird hiermit einer solchen Verwendung hiermit widersprochen. Die Astro- und Feinwerktechnik Adlershof GmbH beh\u00e4lt sich ausdr\u00fccklich rechtliche Schritte f\u00fcr den Fall der unverlangten Zusendung von Werbung, zum Beispiel durch Spam-E-Mails, vor.<\/p>&#13;\n<p>[\/vc_column_text][\/vc_column][\/vc_row]<\/p><\/div>","protected":false},"excerpt":{"rendered":"<p>[vc_row full_width=&#8221;stretch_row_content_no_spaces&#8221; el_class=&#8221;breadcrumb-row&#8221;][vc_column][vc_column_text][\/vc_column_text][\/vc_column][\/vc_row][vc_row][vc_column][vc_column_text] Datenschutz [\/vc_column_text][vc_separator color=&#8221;custom&#8221; border_width=&#8221;3&#8243; el_width=&#8221;60&#8243; accent_color=&#8221;#1b5798&#8243;][\/vc_column][\/vc_row][vc_row][vc_column][vc_column_text] &#13; Ihr Vertrauen ist uns wichtig. Deshalb respektieren wir den Datenschutz und informieren Sie \u00fcber die erhobenen und gespeicherten Daten und Ihre Rechte auf Auskunft, Berichtigung, Sperrung und L\u00f6schung. &#13; \u00a7 1 Information \u00fcber die Erhebung personenbezogener Daten &#13; (1) Im Folgenden informieren wir \u00fcber die [&hellip;]<\/p>\n","protected":false},"author":1,"featured_media":0,"parent":0,"menu_order":0,"comment_status":"closed","ping_status":"closed","template":"","meta":{"footnotes":""},"class_list":["post-1777","page","type-page","status-publish","hentry"],"yoast_head":"<!-- This site is optimized with the Yoast SEO plugin v27.1.1 - https:\/\/yoast.com\/product\/yoast-seo-wordpress\/ -->\n<title>Privacy policy - Astrofein<\/title>\n<meta name=\"robots\" content=\"index, follow, max-snippet:-1, max-image-preview:large, max-video-preview:-1\" \/>\n<link rel=\"canonical\" href=\"https:\/\/www.astrofein.com\/en\/privacy-policy\/\" \/>\n<meta property=\"og:locale\" content=\"en_US\" \/>\n<meta property=\"og:type\" content=\"article\" \/>\n<meta property=\"og:title\" content=\"Privacy policy - Astrofein\" \/>\n<meta property=\"og:description\" content=\"[vc_row full_width=&#8221;stretch_row_content_no_spaces&#8221; el_class=&#8221;breadcrumb-row&#8221;][vc_column][vc_column_text][\/vc_column_text][\/vc_column][\/vc_row][vc_row][vc_column][vc_column_text] Datenschutz [\/vc_column_text][vc_separator color=&#8221;custom&#8221; border_width=&#8221;3&#8243; el_width=&#8221;60&#8243; accent_color=&#8221;#1b5798&#8243;][\/vc_column][\/vc_row][vc_row][vc_column][vc_column_text] &#013; Ihr Vertrauen ist uns wichtig. Deshalb respektieren wir den Datenschutz und informieren Sie \u00fcber die erhobenen und gespeicherten Daten und Ihre Rechte auf Auskunft, Berichtigung, Sperrung und L\u00f6schung. &#013; \u00a7 1 Information \u00fcber die Erhebung personenbezogener Daten &#013; (1) Im Folgenden informieren wir \u00fcber die [&hellip;]\" \/>\n<meta property=\"og:url\" content=\"https:\/\/www.astrofein.com\/en\/privacy-policy\/\" \/>\n<meta property=\"og:site_name\" content=\"Astrofein\" \/>\n<meta property=\"article:modified_time\" content=\"2022-04-14T10:42:05+00:00\" \/>\n<meta name=\"twitter:card\" content=\"summary_large_image\" \/>\n<meta name=\"twitter:label1\" content=\"Est. reading time\" \/>\n\t<meta name=\"twitter:data1\" content=\"6 minutes\" \/>\n<!-- \/ Yoast SEO plugin. -->","yoast_head_json":{"title":"Privacy policy - Astrofein","robots":{"index":"index","follow":"follow","max-snippet":"max-snippet:-1","max-image-preview":"max-image-preview:large","max-video-preview":"max-video-preview:-1"},"canonical":"https:\/\/www.astrofein.com\/en\/privacy-policy\/","og_locale":"en_US","og_type":"article","og_title":"Privacy policy - Astrofein","og_description":"[vc_row full_width=&#8221;stretch_row_content_no_spaces&#8221; el_class=&#8221;breadcrumb-row&#8221;][vc_column][vc_column_text][\/vc_column_text][\/vc_column][\/vc_row][vc_row][vc_column][vc_column_text] Datenschutz [\/vc_column_text][vc_separator color=&#8221;custom&#8221; border_width=&#8221;3&#8243; el_width=&#8221;60&#8243; accent_color=&#8221;#1b5798&#8243;][\/vc_column][\/vc_row][vc_row][vc_column][vc_column_text] &#13; Ihr Vertrauen ist uns wichtig. Deshalb respektieren wir den Datenschutz und informieren Sie \u00fcber die erhobenen und gespeicherten Daten und Ihre Rechte auf Auskunft, Berichtigung, Sperrung und L\u00f6schung. &#13; \u00a7 1 Information \u00fcber die Erhebung personenbezogener Daten &#13; (1) Im Folgenden informieren wir \u00fcber die [&hellip;]","og_url":"https:\/\/www.astrofein.com\/en\/privacy-policy\/","og_site_name":"Astrofein","article_modified_time":"2022-04-14T10:42:05+00:00","twitter_card":"summary_large_image","twitter_misc":{"Est. reading time":"6 minutes"},"schema":{"@context":"https:\/\/schema.org","@graph":[{"@type":"WebPage","@id":"https:\/\/www.astrofein.com\/en\/privacy-policy\/","url":"https:\/\/www.astrofein.com\/en\/privacy-policy\/","name":"Privacy policy - Astrofein","isPartOf":{"@id":"https:\/\/www.astrofein.com\/en\/#website"},"datePublished":"2022-01-28T15:09:35+00:00","dateModified":"2022-04-14T10:42:05+00:00","breadcrumb":{"@id":"https:\/\/www.astrofein.com\/en\/privacy-policy\/#breadcrumb"},"inLanguage":"en-US","potentialAction":[{"@type":"ReadAction","target":["https:\/\/www.astrofein.com\/en\/privacy-policy\/"]}]},{"@type":"BreadcrumbList","@id":"https:\/\/www.astrofein.com\/en\/privacy-policy\/#breadcrumb","itemListElement":[{"@type":"ListItem","position":1,"name":"Startseite","item":"https:\/\/www.astrofein.com\/en\/"},{"@type":"ListItem","position":2,"name":"Privacy policy"}]},{"@type":"WebSite","@id":"https:\/\/www.astrofein.com\/en\/#website","url":"https:\/\/www.astrofein.com\/en\/","name":"Astrofein","description":"Hochpr\u00e4zise Luft- und Raumfahrttechnik","publisher":{"@id":"https:\/\/www.astrofein.com\/en\/#organization"},"potentialAction":[{"@type":"SearchAction","target":{"@type":"EntryPoint","urlTemplate":"https:\/\/www.astrofein.com\/en\/?s={search_term_string}"},"query-input":{"@type":"PropertyValueSpecification","valueRequired":true,"valueName":"search_term_string"}}],"inLanguage":"en-US"},{"@type":"Organization","@id":"https:\/\/www.astrofein.com\/en\/#organization","name":"Astro- und Feinwerktechnik Adlershof GmbH","url":"https:\/\/www.astrofein.com\/en\/","logo":{"@type":"ImageObject","inLanguage":"en-US","@id":"https:\/\/www.astrofein.com\/en\/#\/schema\/logo\/image\/","url":"https:\/\/www.astrofein.com\/wp-content\/uploads\/2022\/01\/logo_300dpi_700x500.png","contentUrl":"https:\/\/www.astrofein.com\/wp-content\/uploads\/2022\/01\/logo_300dpi_700x500.png","width":700,"height":500,"caption":"Astro- und Feinwerktechnik Adlershof GmbH"},"image":{"@id":"https:\/\/www.astrofein.com\/en\/#\/schema\/logo\/image\/"}}]}},"_links":{"self":[{"href":"https:\/\/www.astrofein.com\/en\/wp-json\/wp\/v2\/pages\/1777","targetHints":{"allow":["GET"]}}],"collection":[{"href":"https:\/\/www.astrofein.com\/en\/wp-json\/wp\/v2\/pages"}],"about":[{"href":"https:\/\/www.astrofein.com\/en\/wp-json\/wp\/v2\/types\/page"}],"author":[{"embeddable":true,"href":"https:\/\/www.astrofein.com\/en\/wp-json\/wp\/v2\/users\/1"}],"replies":[{"embeddable":true,"href":"https:\/\/www.astrofein.com\/en\/wp-json\/wp\/v2\/comments?post=1777"}],"version-history":[{"count":5,"href":"https:\/\/www.astrofein.com\/en\/wp-json\/wp\/v2\/pages\/1777\/revisions"}],"predecessor-version":[{"id":3352,"href":"https:\/\/www.astrofein.com\/en\/wp-json\/wp\/v2\/pages\/1777\/revisions\/3352"}],"wp:attachment":[{"href":"https:\/\/www.astrofein.com\/en\/wp-json\/wp\/v2\/media?parent=1777"}],"curies":[{"name":"wp","href":"https:\/\/api.w.org\/{rel}","templated":true}]}}