{"id":701,"date":"2021-12-21T15:32:43","date_gmt":"2021-12-21T14:32:43","guid":{"rendered":"http:\/\/devastrofein.mattheis-berlin.de\/?page_id=701"},"modified":"2022-03-25T12:32:23","modified_gmt":"2022-03-25T11:32:23","slug":"kern","status":"publish","type":"page","link":"https:\/\/www.astrofein.com\/en\/kern\/","title":{"rendered":"Kern"},"content":{"rendered":"<div class=\"wpb-content-wrapper\"><p>[vc_row full_width=&#8221;stretch_row_content_no_spaces&#8221; el_class=&#8221;breadcrumb-row&#8221;][vc_column][vc_column_text]<span><span><a href=\"https:\/\/www.astrofein.com\/en\/\">Startseite<\/a><\/span><\/span>[\/vc_column_text][\/vc_column][\/vc_row][vc_row][vc_column][vc_column_text]<\/p>\n<h1 style=\"text-align: center;\">Hallo Frau Kern, das ist Ihre Testseite \ud83d\ude09<\/h1>\n<p>[\/vc_column_text][vc_separator color=&#8221;custom&#8221; border_width=&#8221;3&#8243; el_width=&#8221;60&#8243; accent_color=&#8221;#1b5798&#8243;][\/vc_column][\/vc_row][vc_row][vc_column][vc_column_text]<\/p>\n<p style=\"text-align: center;\">Auf nahezu 900 m\u00b2 Produktionsfl\u00e4che im Technologiepark Berlin-Adlershof arbeitet unser Fertigungsteam f\u00fcr sie. Zu den St\u00e4rken unserer Produktion geh\u00f6ren die Herstellung von Raumfahrtkomponenten, die Handhabungstechnik, die Automation, der Sondermaschinenbau, der Mess- und Pr\u00fcfmittelbau sowie spezielle Transportl\u00f6sungen. Wir bieten sowohl Prototypen, Einzelteil- als auch Serienfertigung an.<\/p>\n<p>[\/vc_column_text][\/vc_column][\/vc_row][vc_row full_width=&#8221;stretch_row&#8221; gap=&#8221;35&#8243; equal_height=&#8221;yes&#8221; css=&#8221;.vc_custom_1639490936658{background-color: #efefef !important;}&#8221;][vc_column width=&#8221;1\/2&#8243;][vc_single_image image=&#8221;367&#8243; img_size=&#8221;full&#8221; alignment=&#8221;right&#8221;][\/vc_column][vc_column width=&#8221;1\/2&#8243;][vc_column_text]<\/p>\n<h2>\u00dcberschrift 2<\/h2>\n<p>Normaler Text (&#8220;Absatz&#8221;)[\/vc_column_text][\/vc_column][\/vc_row][vc_row full_width=&#8221;stretch_row&#8221; gap=&#8221;35&#8243; equal_height=&#8221;yes&#8221;][vc_column width=&#8221;1\/2&#8243;][vc_column_text]<\/p>\n<h2>ASTROFEIN Drehen und Fr\u00e4sen<\/h2>\n<p>Konventionelle als auch CNC-Dreh- und Fr\u00e4smaschinen erlauben es uns, Werkst\u00fccke mit h\u00f6chster Komplexit\u00e4t zu fertigen. CNC-Drehmaschinen mit 20fach Pr\u00e4zisions-Schnellwechselrevolver, integrierten Antriebsmotoren und Stangenlader produzieren Losgr\u00f6\u00dfen zwischen 1 und 1000 St\u00fcck problemlos. 5 Achsen-Simultan Fr\u00e4smaschinen mit Palettenwechselfunktion realisieren Form- und Lagetoleranzen bis zu 0,01 mm und Qualit\u00e4ten bis IT6. Mit einer 100% optischen Werkzeugvermessung unterst\u00fctzen wir den reibungslosen Durchlauf. Wir haben umfassende Erfahrungen in der Bearbeitung von Materialien und Sonderwerkstoffen wie Titanbasislegierungen, Edelstahl, Inconel, Invar, Kovar, Strukturwerkstoffen (CFK, GFK) und Kunststoffen (PEEK, Torlon).[\/vc_column_text][\/vc_column][vc_column width=&#8221;1\/2&#8243;][vc_single_image image=&#8221;365&#8243; img_size=&#8221;full&#8221;][\/vc_column][\/vc_row][vc_row full_width=&#8221;stretch_row&#8221; gap=&#8221;35&#8243; equal_height=&#8221;yes&#8221; css=&#8221;.vc_custom_1639490993168{background-color: #efefef !important;}&#8221;][vc_column width=&#8221;1\/2&#8243;][vc_single_image image=&#8221;369&#8243; img_size=&#8221;full&#8221; alignment=&#8221;right&#8221;][\/vc_column][vc_column width=&#8221;1\/2&#8243;][vc_column_text]<\/p>\n<h2>ASTROFEIN Rand- und Messdienstleistungen<\/h2>\n<p>ASTROFEIN hat den gro\u00dfen Vorteil, ben\u00f6tigte AIV-Anlagen im eigenen Haus zu haben. Zur Durchf\u00fchrung von Integrations- und Montaget\u00e4tigkeiten mit geringem Verschmutzungsgrad verf\u00fcgen wir \u00fcber eigene Reinr\u00e4ume. Wir bieten unseren Kunden daher spezialisierte Montage-, Ausrichtungs-, Auswucht- und Klebeverfahren nach ECSS-Standards. Unsere qualifizierten Mitarbeiter verf\u00fcgen \u00fcber individuelle ESA-Qualifikationen f\u00fcr Kleben, L\u00f6ten, Crimpen sowie L\u00f6t- und Crimpinspektionen. Der Einsatz hochmoderner taktiler und optischer 3-Koordinaten-Messmaschinen erm\u00f6glicht es ASTROFEIN, Werkst\u00fccke mit einem Volumen von bis zu 700 x 1000 x 660 mm mit einer Genauigkeit von bis zu 1,5 + 3*L\/1000 \u00b5m zu messen. Zur durchg\u00e4ngigen Nachverfolgung\u00a0 und Qualit\u00e4tssicherung bieten wir die Dot Peen- bzw. DataMatrix Code Beschriftung an.[\/vc_column_text][\/vc_column][\/vc_row][vc_row full_width=&#8221;stretch_row&#8221; gap=&#8221;35&#8243; equal_height=&#8221;yes&#8221;][vc_column width=&#8221;1\/2&#8243;][vc_column_text]<\/p>\n<h2>ASTROFEIN Kooperationen und Qualit\u00e4tssicherung<\/h2>\n<p>Durch ein kosequentes Qualit\u00e4tsmanagement und ein hervorragendes Netzwerk von Zulieferern ist ASTROFEIN in der Lage, viele verschiedene Aspekte der Herstellung und Pr\u00fcfung abzudecken. Das Unternehmen ist nach DIN EN ISO 9100:2018 zertifiziert und entspricht damit den einschl\u00e4gigen Normen der zivilen Luft- und Raumfahrttechnik.<\/p>\n<p>Zu unserem umfassenden Dienstleistungsangebot geh\u00f6ren bew\u00e4hrte Kooperationen und Partnerschaften in den Bereichen: W\u00e4rmebehandlung, Oberfl\u00e4chenbehandlung, WIG Schwei\u00dfen, H\u00e4rten, Erodieren, Rundschleifen, Auswuchten, Farbeindringungs- und Magnetpulverpr\u00fcfungen etc. Bei allen Raumfahrtanwendungen werden stets die h\u00f6chsten Qualit\u00e4tsstandards umgesetzt. So werden auch unsere Lieferanten regelm\u00e4\u00dfig kontrolliert und auditiert.[\/vc_column_text][\/vc_column][vc_column width=&#8221;1\/2&#8243;][vc_single_image image=&#8221;371&#8243; img_size=&#8221;full&#8221;][\/vc_column][\/vc_row][vc_row gap=&#8221;25&#8243; el_class=&#8221;hoverGrid text-white&#8221;][vc_column width=&#8221;1\/2&#8243; column_link=&#8221;url:https%3A%2F%2Fwww.astrofein.com%2Freaktionsraeder%2F|title:Reaktionsr%C3%A4der&#8221;][vc_single_image image=&#8221;484&#8243; img_size=&#8221;full&#8221; alignment=&#8221;center&#8221; onclick=&#8221;custom_link&#8221; link=&#8221;https:\/\/www.astrofein.com\/reaktionsraeder\/&#8221;][vc_column_text css=&#8221;.vc_custom_1639414942277{background-color: rgba(27,87,152,0.65) !important;*background-color: rgb(27,87,152) !important;}&#8221; el_class=&#8221;text-white&#8221;]<\/p>\n<h2 style=\"text-align: center;\">REAKTIONSR\u00c4DER<\/h2>\n<p style=\"text-align: center;\">#preciselyset<\/p>\n<p>[\/vc_column_text][\/vc_column][vc_column width=&#8221;1\/2&#8243; column_link=&#8221;url:https%3A%2F%2Fwww.astrofein.com%2Fcubesat-deployer%2F|title:Reaktionsr%C3%A4der&#8221;][vc_single_image image=&#8221;303&#8243; img_size=&#8221;full&#8221; onclick=&#8221;custom_link&#8221; link=&#8221;https:\/\/www.astrofein.com\/cubesat-deployer\/&#8221;][vc_column_text css=&#8221;.vc_custom_1639415026541{background-color: rgba(27,87,152,0.65) !important;*background-color: rgb(27,87,152) !important;}&#8221; el_class=&#8221;text-white&#8221;]<\/p>\n<h2 style=\"text-align: center;\">CUBESAT DEPLOYER<\/h2>\n<p style=\"text-align: center;\">#preciselylaunched<\/p>\n<p>[\/vc_column_text][\/vc_column][\/vc_row][vc_row][vc_column][vc_column_text]<\/p>\n<h1 style=\"text-align: center;\">Headline 1<\/h1>\n<h2 style=\"text-align: center;\">Headline 2<\/h2>\n<h3 style=\"text-align: center;\">Headline 3<\/h3>\n<h4 style=\"text-align: center;\">Headline 4<\/h4>\n<h5 style=\"text-align: center;\">Headline 5<\/h5>\n<p>[\/vc_column_text][\/vc_column][\/vc_row][vc_row gap=&#8221;25&#8243; el_class=&#8221;hoverGrid text-white flipbox-inner&#8221;][vc_column width=&#8221;1\/4&#8243; column_link=&#8221;url:https%3A%2F%2Fwww.astrofein.com%2Freaktionsrad-rw1%2F|title:Reaktionsrad%20RW1&#8243; el_class=&#8221;flip-box-inner&#8221;][vc_single_image image=&#8221;604&#8243; img_size=&#8221;full&#8221; onclick=&#8221;custom_link&#8221; link=&#8221;https:\/\/www.astrofein.com\/&#8221;][vc_column_text css=&#8221;.vc_custom_1639476974177{background-color: rgba(27,87,152,0.65) !important;*background-color: rgb(27,87,152) !important;}&#8221; el_class=&#8221;flip-box-front&#8221;]<\/p>\n<h3 style=\"text-align: center;\">RW 1<\/h3>\n<p>[\/vc_column_text][vc_column_text css=&#8221;.vc_custom_1640077910740{background-color: rgba(27,87,152,0.65) !important;*background-color: rgb(27,87,152) !important;}&#8221; el_class=&#8221;flip-box-back&#8221;]<\/p>\n<h3 style=\"text-align: left;\">RW 1<\/h3>\n<p style=\"text-align: left;\">Nominal angular momentum:\u00a05.8 E<sup>-4<\/sup>\u00a0Nms<\/p>\n<p style=\"text-align: left;\">Nominal torque:\u00a023 E<sup>-6<\/sup> Nm<\/p>\n<p style=\"text-align: left;\">Nominal speed power: ??<\/p>\n<p>Mass:\u00a0\u2264 24 g<\/p>\n<p>Dimension:\u00a021 x 12 x 21 mm\u00b3<\/p>\n<p>Voltage: 5V<\/p>\n<p><!--more-->[\/vc_column_text][\/vc_column][vc_column width=&#8221;1\/4&#8243; el_class=&#8221;flip-box-inner&#8221; column_link=&#8221;url:https%3A%2F%2Fwww.astrofein.com%2Freaktionsrad-rw1%2F|title:Reaktionsrad%20RW1&#8243;][vc_single_image image=&#8221;606&#8243; img_size=&#8221;full&#8221; onclick=&#8221;custom_link&#8221; link=&#8221;https:\/\/www.astrofein.com\/&#8221;][vc_column_text css=&#8221;.vc_custom_1640015844045{background-color: rgba(27,87,152,0.65) !important;*background-color: rgb(27,87,152) !important;}&#8221; el_class=&#8221;flip-box-front&#8221;]<\/p>\n<h3 style=\"text-align: center;\">RW 25<\/h3>\n<p>[\/vc_column_text][vc_column_text css=&#8221;.vc_custom_1640077560015{background-color: rgba(27,87,152,0.65) !important;*background-color: rgb(27,87,152) !important;}&#8221; el_class=&#8221;flip-box-back&#8221;]<\/p>\n<h3 style=\"text-align: left;\">RW 1<\/h3>\n<p style=\"text-align: left;\">Nominal angular momentum:\u00a05.8 E<sup>-4<\/sup>\u00a0Nms<\/p>\n<p style=\"text-align: left;\">torque:\u00a023 E-6Nm<\/p>\n<p style=\"text-align: left;\">Nominal speed power: ??<\/p>\n<p>Mass:\u00a0\u2264 24 g<\/p>\n<p>Dimension:\u00a021 x 12 x 21 mm\u00b3<\/p>\n<p>Voltage: 5V<\/p>\n<p><!--more-->[\/vc_column_text][\/vc_column][vc_column width=&#8221;1\/4&#8243; el_class=&#8221;flip-box-inner&#8221; column_link=&#8221;url:https%3A%2F%2Fwww.astrofein.com%2Freaktionsrad-rw1%2F|title:Reaktionsrad%20RW1&#8243;][vc_single_image image=&#8221;608&#8243; img_size=&#8221;full&#8221; onclick=&#8221;custom_link&#8221; link=&#8221;https:\/\/www.astrofein.com\/&#8221;][vc_column_text css=&#8221;.vc_custom_1640015864420{background-color: rgba(27,87,152,0.65) !important;*background-color: rgb(27,87,152) !important;}&#8221; el_class=&#8221;flip-box-front&#8221;]<\/p>\n<h3 style=\"text-align: center;\">RW 35<\/h3>\n<p>[\/vc_column_text][vc_column_text css=&#8221;.vc_custom_1640016742019{background-color: rgba(27,87,152,0.65) !important;*background-color: rgb(27,87,152) !important;}&#8221; el_class=&#8221;flip-box-back&#8221;]<\/p>\n<h3 style=\"text-align: left;\">RW 1<\/h3>\n<p style=\"text-align: left;\">Nominal angular momentum:\u00a05.8 E<sup>-4<\/sup>\u00a0Nms<\/p>\n<p style=\"text-align: left;\">Nominal torque:\u00a023 E-6Nm<\/p>\n<p style=\"text-align: left;\">Nominal speed power: ??<\/p>\n<p>Mass:\u00a0\u2264 24 g<\/p>\n<p>Dimension:\u00a021 x 12 x 21 mm\u00b3<\/p>\n<p>Voltage: 5V<\/p>\n<p><!--more-->[\/vc_column_text][\/vc_column][vc_column width=&#8221;1\/4&#8243; el_class=&#8221;flip-box-inner&#8221; column_link=&#8221;url:https%3A%2F%2Fwww.astrofein.com%2Freaktionsrad-rw1%2F|title:Reaktionsrad%20RW1&#8243;][vc_single_image image=&#8221;610&#8243; img_size=&#8221;full&#8221; onclick=&#8221;custom_link&#8221; link=&#8221;https:\/\/www.astrofein.com\/&#8221;][vc_column_text css=&#8221;.vc_custom_1640015873026{background-color: rgba(27,87,152,0.65) !important;*background-color: rgb(27,87,152) !important;}&#8221; el_class=&#8221;flip-box-front&#8221;]<\/p>\n<h3 style=\"text-align: center;\">RW 90<\/h3>\n<p>[\/vc_column_text][vc_column_text css=&#8221;.vc_custom_1640016742019{background-color: rgba(27,87,152,0.65) !important;*background-color: rgb(27,87,152) !important;}&#8221; el_class=&#8221;flip-box-back&#8221;]<\/p>\n<h3 style=\"text-align: left;\">RW 1<\/h3>\n<p style=\"text-align: left;\">Nominal angular momentum:\u00a05.8 E<sup>-4<\/sup>\u00a0Nms<\/p>\n<p style=\"text-align: left;\">Nominal torque:\u00a023 E-6Nm<\/p>\n<p style=\"text-align: left;\">Nominal speed power: ??<\/p>\n<p>Mass:\u00a0\u2264 24 g<\/p>\n<p>Dimension:\u00a021 x 12 x 21 mm\u00b3<\/p>\n<p>Voltage: 5V<\/p>\n<p><!--more-->[\/vc_column_text][\/vc_column][\/vc_row]<\/p>\n<\/div>","protected":false},"excerpt":{"rendered":"<p>[vc_row full_width=&#8221;stretch_row_content_no_spaces&#8221; el_class=&#8221;breadcrumb-row&#8221;][vc_column][vc_column_text][\/vc_column_text][\/vc_column][\/vc_row][vc_row][vc_column][vc_column_text] Hallo Frau Kern, das ist Ihre Testseite \ud83d\ude09 [\/vc_column_text][vc_separator color=&#8221;custom&#8221; border_width=&#8221;3&#8243; el_width=&#8221;60&#8243; accent_color=&#8221;#1b5798&#8243;][\/vc_column][\/vc_row][vc_row][vc_column][vc_column_text] Auf nahezu 900 m\u00b2 Produktionsfl\u00e4che im Technologiepark Berlin-Adlershof arbeitet unser Fertigungsteam f\u00fcr sie. Zu den St\u00e4rken unserer Produktion geh\u00f6ren die Herstellung von Raumfahrtkomponenten, die Handhabungstechnik, die Automation, der Sondermaschinenbau, der Mess- und Pr\u00fcfmittelbau sowie spezielle Transportl\u00f6sungen. Wir bieten sowohl [&hellip;]<\/p>\n","protected":false},"author":2,"featured_media":0,"parent":0,"menu_order":0,"comment_status":"closed","ping_status":"closed","template":"","meta":{"footnotes":""},"class_list":["post-701","page","type-page","status-publish","hentry"],"yoast_head":"<!-- This site is optimized with the Yoast SEO plugin v27.5 - https:\/\/yoast.com\/product\/yoast-seo-wordpress\/ -->\n<title>Kern - Astrofein<\/title>\n<meta name=\"robots\" content=\"noindex, nofollow\" \/>\n<meta property=\"og:locale\" content=\"en_US\" \/>\n<meta property=\"og:type\" content=\"article\" \/>\n<meta property=\"og:title\" content=\"Kern - Astrofein\" \/>\n<meta property=\"og:description\" content=\"[vc_row full_width=&#8221;stretch_row_content_no_spaces&#8221; el_class=&#8221;breadcrumb-row&#8221;][vc_column][vc_column_text][\/vc_column_text][\/vc_column][\/vc_row][vc_row][vc_column][vc_column_text] Hallo Frau Kern, das ist Ihre Testseite \ud83d\ude09 [\/vc_column_text][vc_separator color=&#8221;custom&#8221; border_width=&#8221;3&#8243; el_width=&#8221;60&#8243; accent_color=&#8221;#1b5798&#8243;][\/vc_column][\/vc_row][vc_row][vc_column][vc_column_text] Auf nahezu 900 m\u00b2 Produktionsfl\u00e4che im Technologiepark Berlin-Adlershof arbeitet unser Fertigungsteam f\u00fcr sie. Zu den St\u00e4rken unserer Produktion geh\u00f6ren die Herstellung von Raumfahrtkomponenten, die Handhabungstechnik, die Automation, der Sondermaschinenbau, der Mess- und Pr\u00fcfmittelbau sowie spezielle Transportl\u00f6sungen. Wir bieten sowohl [&hellip;]\" \/>\n<meta property=\"og:url\" content=\"https:\/\/www.astrofein.com\/en\/kern\/\" \/>\n<meta property=\"og:site_name\" content=\"Astrofein\" \/>\n<meta property=\"article:modified_time\" content=\"2022-03-25T11:32:23+00:00\" \/>\n<meta name=\"twitter:card\" content=\"summary_large_image\" \/>\n<meta name=\"twitter:label1\" content=\"Est. reading time\" \/>\n\t<meta name=\"twitter:data1\" content=\"3 minutes\" \/>\n<!-- \/ Yoast SEO plugin. -->","yoast_head_json":{"title":"Kern - Astrofein","robots":{"index":"noindex","follow":"nofollow"},"og_locale":"en_US","og_type":"article","og_title":"Kern - Astrofein","og_description":"[vc_row full_width=&#8221;stretch_row_content_no_spaces&#8221; el_class=&#8221;breadcrumb-row&#8221;][vc_column][vc_column_text][\/vc_column_text][\/vc_column][\/vc_row][vc_row][vc_column][vc_column_text] Hallo Frau Kern, das ist Ihre Testseite \ud83d\ude09 [\/vc_column_text][vc_separator color=&#8221;custom&#8221; border_width=&#8221;3&#8243; el_width=&#8221;60&#8243; accent_color=&#8221;#1b5798&#8243;][\/vc_column][\/vc_row][vc_row][vc_column][vc_column_text] Auf nahezu 900 m\u00b2 Produktionsfl\u00e4che im Technologiepark Berlin-Adlershof arbeitet unser Fertigungsteam f\u00fcr sie. Zu den St\u00e4rken unserer Produktion geh\u00f6ren die Herstellung von Raumfahrtkomponenten, die Handhabungstechnik, die Automation, der Sondermaschinenbau, der Mess- und Pr\u00fcfmittelbau sowie spezielle Transportl\u00f6sungen. Wir bieten sowohl [&hellip;]","og_url":"https:\/\/www.astrofein.com\/en\/kern\/","og_site_name":"Astrofein","article_modified_time":"2022-03-25T11:32:23+00:00","twitter_card":"summary_large_image","twitter_misc":{"Est. reading time":"3 minutes"},"schema":{"@context":"https:\/\/schema.org","@graph":[{"@type":"WebPage","@id":"https:\/\/www.astrofein.com\/en\/kern\/","url":"https:\/\/www.astrofein.com\/en\/kern\/","name":"Kern - Astrofein","isPartOf":{"@id":"https:\/\/www.astrofein.com\/en\/#website"},"datePublished":"2021-12-21T14:32:43+00:00","dateModified":"2022-03-25T11:32:23+00:00","breadcrumb":{"@id":"https:\/\/www.astrofein.com\/en\/kern\/#breadcrumb"},"inLanguage":"en-US","potentialAction":[{"@type":"ReadAction","target":["https:\/\/www.astrofein.com\/en\/kern\/"]}]},{"@type":"BreadcrumbList","@id":"https:\/\/www.astrofein.com\/en\/kern\/#breadcrumb","itemListElement":[{"@type":"ListItem","position":1,"name":"Startseite","item":"https:\/\/www.astrofein.com\/en\/"},{"@type":"ListItem","position":2,"name":"Kern"}]},{"@type":"WebSite","@id":"https:\/\/www.astrofein.com\/en\/#website","url":"https:\/\/www.astrofein.com\/en\/","name":"Astrofein","description":"Hochpr\u00e4zise Luft- und Raumfahrttechnik","publisher":{"@id":"https:\/\/www.astrofein.com\/en\/#organization"},"potentialAction":[{"@type":"SearchAction","target":{"@type":"EntryPoint","urlTemplate":"https:\/\/www.astrofein.com\/en\/?s={search_term_string}"},"query-input":{"@type":"PropertyValueSpecification","valueRequired":true,"valueName":"search_term_string"}}],"inLanguage":"en-US"},{"@type":"Organization","@id":"https:\/\/www.astrofein.com\/en\/#organization","name":"Astro- und Feinwerktechnik Adlershof GmbH","url":"https:\/\/www.astrofein.com\/en\/","logo":{"@type":"ImageObject","inLanguage":"en-US","@id":"https:\/\/www.astrofein.com\/en\/#\/schema\/logo\/image\/","url":"https:\/\/www.astrofein.com\/wp-content\/uploads\/2022\/01\/logo_300dpi_700x500.png","contentUrl":"https:\/\/www.astrofein.com\/wp-content\/uploads\/2022\/01\/logo_300dpi_700x500.png","width":700,"height":500,"caption":"Astro- und Feinwerktechnik Adlershof GmbH"},"image":{"@id":"https:\/\/www.astrofein.com\/en\/#\/schema\/logo\/image\/"}}]}},"_links":{"self":[{"href":"https:\/\/www.astrofein.com\/en\/wp-json\/wp\/v2\/pages\/701","targetHints":{"allow":["GET"]}}],"collection":[{"href":"https:\/\/www.astrofein.com\/en\/wp-json\/wp\/v2\/pages"}],"about":[{"href":"https:\/\/www.astrofein.com\/en\/wp-json\/wp\/v2\/types\/page"}],"author":[{"embeddable":true,"href":"https:\/\/www.astrofein.com\/en\/wp-json\/wp\/v2\/users\/2"}],"replies":[{"embeddable":true,"href":"https:\/\/www.astrofein.com\/en\/wp-json\/wp\/v2\/comments?post=701"}],"version-history":[{"count":3,"href":"https:\/\/www.astrofein.com\/en\/wp-json\/wp\/v2\/pages\/701\/revisions"}],"predecessor-version":[{"id":714,"href":"https:\/\/www.astrofein.com\/en\/wp-json\/wp\/v2\/pages\/701\/revisions\/714"}],"wp:attachment":[{"href":"https:\/\/www.astrofein.com\/en\/wp-json\/wp\/v2\/media?parent=701"}],"curies":[{"name":"wp","href":"https:\/\/api.w.org\/{rel}","templated":true}]}}